{"id":12,"date":"2026-01-26T11:43:45","date_gmt":"2026-01-26T10:43:45","guid":{"rendered":"https:\/\/wpbreath.owns.cloud\/?page_id=12"},"modified":"2026-01-26T13:11:18","modified_gmt":"2026-01-26T12:11:18","slug":"zwroty","status":"publish","type":"page","link":"https:\/\/reset-academy.com\/es\/zwroty\/","title":{"rendered":"Pol\u00edtica de devoluciones."},"content":{"rendered":"<p>Pol\u00edtica de devoluciones.<\/p>\n\n\n\n<p>La compra de una entrada en la tienda Reset Academy corresponde a la participaci\u00f3n en un evento con una fecha o periodo de realizaci\u00f3n determinado y con plazas limitadas. La organizaci\u00f3n y planificaci\u00f3n de los eventos se realiza con antelaci\u00f3n.<\/p>\n\n\n\n<p class=\"translation-block\">De conformidad con la normativa vigente en materia de consumo, en particular el art\u00edculo 38, apartado 12, de la Ley de Derechos de los Consumidores, no procede el derecho de desistimiento cuando el objeto del contrato sea la prestaci\u00f3n de servicios relacionados con actividades recreativas, educativas o formativas, siempre que en el contrato se haya fijado una fecha o un periodo concreto para la prestaci\u00f3n del servicio.<\/p>\n\n\n\n<p class=\"translation-block\">En consecuencia, <strong>las entradas adquiridas no son reembolsables<\/strong>, ni pueden cambiarse a otra fecha ni cancelarse por iniciativa del participante.<\/p>\n\n\n\n<p class=\"translation-block\"><strong>La excepci\u00f3n<\/strong> es el caso en que el evento sea cancelado por el organizador; en tal situaci\u00f3n, el participante tendr\u00e1 derecho a <strong>la devoluci\u00f3n \u00edntegra<\/strong> del importe abonado por la entrada.<\/p>\n\n\n\n<p class=\"translation-block\">En asuntos relacionados con devoluciones, reclamaciones u otras cuestiones vinculadas a la compra de la entrada, rogamos ponerse en contacto a trav\u00e9s de los datos disponibles en la secci\u00f3n <a href=\"https:\/\/reset-academy.com\/es\/kontakt\/\" data-type=\"page\" data-id=\"370\" target=\"_self\"><strong>Contacto<\/strong><\/a> de la p\u00e1gina web.<\/p>\n\n\n\n<p>Al realizar la compra de la entrada, el comprador declara haber le\u00eddo la presente pol\u00edtica y aceptar sus condiciones.<\/p>","protected":false},"excerpt":{"rendered":"<p>Polityka zwrot\u00f3w Zakup biletu w sklepie Reset Academy dotyczy udzia\u0142u w wydarzeniu o okre\u015blonej dacie lub okresie realizacji oraz ograniczonej liczbie miejsc. Organizacja i planowanie wydarze\u0144 odbywa si\u0119 z wyprzedzeniem. Zgodnie z obowi\u0105zuj\u0105cymi przepisami prawa konsumenckiego, w szczeg\u00f3lno\u015bci art. 38 pkt 12 ustawy o prawach konsumenta, prawo odst\u0105pienia od umowy nie przys\u0142uguje, je\u017celi przedmiotem umowy [&hellip;]<\/p>\n","protected":false},"author":1,"featured_media":0,"parent":0,"menu_order":0,"comment_status":"closed","ping_status":"closed","template":"","meta":{"footnotes":""},"class_list":["post-12","page","type-page","status-publish","hentry"],"jetpack_sharing_enabled":true,"_links":{"self":[{"href":"https:\/\/reset-academy.com\/es\/wp-json\/wp\/v2\/pages\/12","targetHints":{"allow":["GET"]}}],"collection":[{"href":"https:\/\/reset-academy.com\/es\/wp-json\/wp\/v2\/pages"}],"about":[{"href":"https:\/\/reset-academy.com\/es\/wp-json\/wp\/v2\/types\/page"}],"author":[{"embeddable":true,"href":"https:\/\/reset-academy.com\/es\/wp-json\/wp\/v2\/users\/1"}],"replies":[{"embeddable":true,"href":"https:\/\/reset-academy.com\/es\/wp-json\/wp\/v2\/comments?post=12"}],"version-history":[{"count":2,"href":"https:\/\/reset-academy.com\/es\/wp-json\/wp\/v2\/pages\/12\/revisions"}],"predecessor-version":[{"id":385,"href":"https:\/\/reset-academy.com\/es\/wp-json\/wp\/v2\/pages\/12\/revisions\/385"}],"wp:attachment":[{"href":"https:\/\/reset-academy.com\/es\/wp-json\/wp\/v2\/media?parent=12"}],"curies":[{"name":"wp","href":"https:\/\/api.w.org\/{rel}","templated":true}]}}