{"id":370,"date":"2026-01-26T13:08:44","date_gmt":"2026-01-26T12:08:44","guid":{"rendered":"https:\/\/reset-academy.com\/?page_id=370"},"modified":"2026-04-09T11:34:02","modified_gmt":"2026-04-09T09:34:02","slug":"kontakt","status":"publish","type":"page","link":"https:\/\/reset-academy.com\/es\/kontakt\/","title":{"rendered":"Contacto"},"content":{"rendered":"<div class=\"wp-block-group alignfull is-layout-flow wp-block-group-is-layout-flow has-background\" style=\"margin-top:0;margin-bottom:0;padding-top:0;padding-right:0;padding-bottom:0;padding-left:0;background-image:url(&apos;https:\/\/reset-academy.com\/wp-content\/uploads\/2026\/01\/Logo_ResetAcademy-1.png&apos;);background-position:50% 51%;background-repeat:no-repeat;background-size:contain;background-attachment:scroll;\">\n<div class=\"wp-block-group alignfull has-background has-global-padding is-layout-constrained wp-container-core-group-is-layout-7161298f wp-block-group-is-layout-constrained\" style=\"background:linear-gradient(135deg,rgb(57,136,247) 0%,rgba(124,81,224,0.86) 100%);margin-top:0;margin-bottom:0;padding-top:var(--wp--preset--spacing--50);padding-right:var(--wp--preset--spacing--50);padding-bottom:var(--wp--preset--spacing--50);padding-left:var(--wp--preset--spacing--50)\">\n<div class=\"wp-block-columns alignwide is-layout-flex wp-container-core-columns-is-layout-85b3a26d wp-block-columns-is-layout-flex\" style=\"padding-top:0;padding-right:var(--wp--preset--spacing--30);padding-bottom:0;padding-left:var(--wp--preset--spacing--30)\">\n<div class=\"wp-block-column is-vertically-aligned-stretch is-layout-flow wp-block-column-is-layout-flow\" style=\"flex-basis:30%\">\n<div class=\"wp-block-group is-vertical is-content-justification-stretch is-layout-flex wp-container-core-group-is-layout-444d5ee8 wp-block-group-is-layout-flex\" style=\"min-height:100%\">\n<p class=\"has-heading-font-family has-x-large-font-size\" style=\"line-height:1.2\">No dudes en ponerte en contacto con nosotros.<\/p>\n\n\n\n<p class=\"wp-container-content-0733e5d0\">Si tienes preguntas, necesitas apoyo o te interesa colaborar, estamos a tu disposici\u00f3n.<\/p>\n\n\n\n<div class=\"wp-block-group is-layout-flow wp-block-group-is-layout-flow\">\n<div class=\"wp-block-group has-background is-layout-flow wp-container-core-group-is-layout-7b3fa91e wp-block-group-is-layout-flow\" style=\"border-top-left-radius:30px;border-top-right-radius:30px;border-bottom-left-radius:30px;border-bottom-right-radius:30px;background-color:#292828b3;padding-top:var(--wp--preset--spacing--10);padding-right:var(--wp--preset--spacing--10);padding-bottom:var(--wp--preset--spacing--10);padding-left:var(--wp--preset--spacing--10)\">\n<div class=\"wp-block-group is-nowrap is-layout-flex wp-container-core-group-is-layout-6c531013 wp-block-group-is-layout-flex\">\n<p>Eventos en polaco:<\/p>\n<\/div>\n\n\n\n<div class=\"wp-block-group is-nowrap is-layout-flex wp-container-core-group-is-layout-6c531013 wp-block-group-is-layout-flex\">\n<div class=\"wp-block-outermost-icon-block\"><div class=\"icon-container\" style=\"width:30px;transform:rotate(0deg) scaleX(1) scaleY(1)\"><svg xmlns=\"http:\/\/www.w3.org\/2000\/svg\" viewbox=\"0 0 256 256\" focusable=\"false\" color=\"var(--token-6c26cc10-73df-4089-b946-be99c13dabed, rgb(232, 0, 116))\" style=\"user-select:none;width:100%;height:100%;display:inline-block;fill:var(--token-6c26cc10-73df-4089-b946-be99c13dabed, rgb(232, 0, 116));color:var(--token-6c26cc10-73df-4089-b946-be99c13dabed, rgb(232, 0, 116));flex-shrink:0\"><g color=\"var(--token-6c26cc10-73df-4089-b946-be99c13dabed, rgb(232, 0, 116))\" weight=\"duotone\"><path d=\"M215.94,182.08A48.33,48.33,0,0,1,168,224,136,136,0,0,1,32,88,48.33,48.33,0,0,1,73.92,40.06a8,8,0,0,1,8.3,4.8l21.13,47.2a8,8,0,0,1-.66,7.53L81.32,125a7.93,7.93,0,0,0-.54,7.81c8.27,16.93,25.77,34.22,42.75,42.41a7.92,7.92,0,0,0,7.83-.59l25-21.3a8,8,0,0,1,7.59-.69l47.16,21.13A8,8,0,0,1,215.94,182.08Z\" opacity=\"0.2\"><\/path><path d=\"M144.27,45.93a8,8,0,0,1,9.8-5.66,86.22,86.22,0,0,1,61.66,61.66,8,8,0,0,1-5.66,9.8A8.23,8.23,0,0,1,208,112a8,8,0,0,1-7.73-5.94,70.35,70.35,0,0,0-50.33-50.33A8,8,0,0,1,144.27,45.93Zm-2.33,41.8c13.79,3.68,22.65,12.54,26.33,26.33A8,8,0,0,0,176,120a8.23,8.23,0,0,0,2.07-.27,8,8,0,0,0,5.66-9.8c-5.12-19.16-18.5-32.54-37.66-37.66a8,8,0,1,0-4.13,15.46Zm81.94,95.35A56.26,56.26,0,0,1,168,232C88.6,232,24,167.4,24,88A56.26,56.26,0,0,1,72.92,32.12a16,16,0,0,1,16.62,9.52l21.12,47.15,0,.12A16,16,0,0,1,109.39,104c-.18.27-.37.52-.57.77L88,129.45c7.49,15.22,23.41,31,38.83,38.51l24.34-20.71a8.12,8.12,0,0,1,.75-.56,16,16,0,0,1,15.17-1.4l.13.06,47.11,21.11A16,16,0,0,1,223.88,183.08Zm-15.88-2s-.07,0-.11,0h0l-47-21.05-24.35,20.71a8.44,8.44,0,0,1-.74.56,16,16,0,0,1-15.75,1.14c-18.73-9.05-37.4-27.58-46.46-46.11a16,16,0,0,1,1-15.7,6.13,6.13,0,0,1,.57-.77L96,95.15l-21-47a.61.61,0,0,1,0-.12A40.2,40.2,0,0,0,40,88,128.14,128.14,0,0,0,168,216,40.21,40.21,0,0,0,208,181.07Z\"><\/path><\/g><\/svg><\/div><\/div>\n\n\n<span id=\"eeb-437796-651840\"><\/span><script type=\"text\/javascript\">(function() {var ml=\"B189%052346\",mi=\"47092475:53475667475881\",o=\"\";for(var j=0,l=mi.length;j<l;j++) {o+=ml.charAt(mi.charCodeAt(j)-48);}document.getElementById(\"eeb-437796-651840\").innerHTML = decodeURIComponent(o);}());<\/script><noscript>Prosze uzyc formularza<\/noscript>\n<\/div>\n\n\n\n<div class=\"wp-block-group is-nowrap is-layout-flex wp-container-core-group-is-layout-6c531013 wp-block-group-is-layout-flex\">\n<p>Eventos en espa\u00f1ol:<\/p>\n<\/div>\n\n\n\n<div class=\"wp-block-group is-nowrap is-layout-flex wp-container-core-group-is-layout-6c531013 wp-block-group-is-layout-flex\">\n<div class=\"wp-block-outermost-icon-block\"><div class=\"icon-container\" style=\"width:30px;transform:rotate(0deg) scaleX(1) scaleY(1)\"><svg xmlns=\"http:\/\/www.w3.org\/2000\/svg\" viewbox=\"0 0 256 256\" focusable=\"false\" color=\"var(--token-6c26cc10-73df-4089-b946-be99c13dabed, rgb(232, 0, 116))\" style=\"user-select:none;width:100%;height:100%;display:inline-block;fill:var(--token-6c26cc10-73df-4089-b946-be99c13dabed, rgb(232, 0, 116));color:var(--token-6c26cc10-73df-4089-b946-be99c13dabed, rgb(232, 0, 116));flex-shrink:0\"><g color=\"var(--token-6c26cc10-73df-4089-b946-be99c13dabed, rgb(232, 0, 116))\" weight=\"duotone\"><path d=\"M215.94,182.08A48.33,48.33,0,0,1,168,224,136,136,0,0,1,32,88,48.33,48.33,0,0,1,73.92,40.06a8,8,0,0,1,8.3,4.8l21.13,47.2a8,8,0,0,1-.66,7.53L81.32,125a7.93,7.93,0,0,0-.54,7.81c8.27,16.93,25.77,34.22,42.75,42.41a7.92,7.92,0,0,0,7.83-.59l25-21.3a8,8,0,0,1,7.59-.69l47.16,21.13A8,8,0,0,1,215.94,182.08Z\" opacity=\"0.2\"><\/path><path d=\"M144.27,45.93a8,8,0,0,1,9.8-5.66,86.22,86.22,0,0,1,61.66,61.66,8,8,0,0,1-5.66,9.8A8.23,8.23,0,0,1,208,112a8,8,0,0,1-7.73-5.94,70.35,70.35,0,0,0-50.33-50.33A8,8,0,0,1,144.27,45.93Zm-2.33,41.8c13.79,3.68,22.65,12.54,26.33,26.33A8,8,0,0,0,176,120a8.23,8.23,0,0,0,2.07-.27,8,8,0,0,0,5.66-9.8c-5.12-19.16-18.5-32.54-37.66-37.66a8,8,0,1,0-4.13,15.46Zm81.94,95.35A56.26,56.26,0,0,1,168,232C88.6,232,24,167.4,24,88A56.26,56.26,0,0,1,72.92,32.12a16,16,0,0,1,16.62,9.52l21.12,47.15,0,.12A16,16,0,0,1,109.39,104c-.18.27-.37.52-.57.77L88,129.45c7.49,15.22,23.41,31,38.83,38.51l24.34-20.71a8.12,8.12,0,0,1,.75-.56,16,16,0,0,1,15.17-1.4l.13.06,47.11,21.11A16,16,0,0,1,223.88,183.08Zm-15.88-2s-.07,0-.11,0h0l-47-21.05-24.35,20.71a8.44,8.44,0,0,1-.74.56,16,16,0,0,1-15.75,1.14c-18.73-9.05-37.4-27.58-46.46-46.11a16,16,0,0,1,1-15.7,6.13,6.13,0,0,1,.57-.77L96,95.15l-21-47a.61.61,0,0,1,0-.12A40.2,40.2,0,0,0,40,88,128.14,128.14,0,0,0,168,216,40.21,40.21,0,0,0,208,181.07Z\"><\/path><\/g><\/svg><\/div><\/div>\n\n\n<span id=\"eeb-957866-229311\"><\/span><script type=\"text\/javascript\">(function() {var ml=\"2B35%01498\",mi=\"401304053394055584055276\",o=\"\";for(var j=0,l=mi.length;j<l;j++) {o+=ml.charAt(mi.charCodeAt(j)-48);}document.getElementById(\"eeb-957866-229311\").innerHTML = decodeURIComponent(o);}());<\/script><noscript>Prosze uzyc formularza<\/noscript>\n<\/div>\n\n\n\n<div class=\"wp-block-group is-nowrap is-layout-flex wp-container-core-group-is-layout-6c531013 wp-block-group-is-layout-flex\">\n<div class=\"wp-block-outermost-icon-block\"><div class=\"icon-container\" style=\"width:30px;transform:rotate(0deg) scaleX(1) scaleY(1)\"><svg xmlns=\"http:\/\/www.w3.org\/2000\/svg\" viewbox=\"0 0 256 256\" focusable=\"false\" color=\"var(--token-6c26cc10-73df-4089-b946-be99c13dabed, rgb(232, 0, 116))\" style=\"user-select:none;width:100%;height:100%;display:inline-block;fill:var(--token-6c26cc10-73df-4089-b946-be99c13dabed, rgb(232, 0, 116));color:var(--token-6c26cc10-73df-4089-b946-be99c13dabed, rgb(232, 0, 116));flex-shrink:0\"><g color=\"var(--token-6c26cc10-73df-4089-b946-be99c13dabed, rgb(232, 0, 116))\" weight=\"duotone\"><path d=\"M224,56l-96,88L32,56Z\" opacity=\"0.2\"><\/path><path d=\"M224,48H32a8,8,0,0,0-8,8V192a16,16,0,0,0,16,16H216a16,16,0,0,0,16-16V56A8,8,0,0,0,224,48Zm-96,85.15L52.57,64H203.43ZM98.71,128,40,181.81V74.19Zm11.84,10.85,12,11.05a8,8,0,0,0,10.82,0l12-11.05,58,53.15H52.57ZM157.29,128,216,74.18V181.82Z\"><\/path><\/g><\/svg><\/div><\/div>\n\n\n\n<p class=\"has-contrast-color has-text-color has-link-color wp-elements-559538a053fd18cb15909ca2fd961ffb wp-container-content-958eb9dc\"><a href=\"mailto:someone@example.com\">info@reset-academy.com<\/a><br><\/p>\n<\/div>\n<\/div>\n\n\n\n<div class=\"wp-block-buttons is-layout-flex wp-block-buttons-is-layout-flex\">\n<div class=\"wp-block-button\"><a class=\"wp-block-button__link wp-element-button\" href=\"https:\/\/reset-academy.com\/es\/#onas\">Sobre nosotros<\/a><\/div>\n<\/div>\n<\/div>\n<\/div>\n<\/div>\n\n\n\n<div class=\"wp-block-column is-vertically-aligned-center is-layout-flow wp-block-column-is-layout-flow\" style=\"flex-basis:50%\">\n<div class=\"wpcf7 no-js\" id=\"wpcf7-f368-o1\" lang=\"pl-PL\" dir=\"ltr\" data-wpcf7-id=\"368\">\n<div class=\"screen-reader-response\"><p role=\"status\" aria-live=\"polite\" aria-atomic=\"true\"><\/p> <ul><\/ul><\/div>\n<form action=\"\/es\/wp-json\/wp\/v2\/pages\/370#wpcf7-f368-o1\" method=\"post\" class=\"wpcf7-form init\" aria-label=\"Formularz kontaktowy\" novalidate=\"novalidate\" data-status=\"init\" data-trp-original-action=\"\/es\/wp-json\/wp\/v2\/pages\/370#wpcf7-f368-o1\">\n<fieldset class=\"hidden-fields-container\"><input type=\"hidden\" name=\"_wpcf7\" value=\"368\" \/><input type=\"hidden\" name=\"_wpcf7_version\" value=\"6.1.5\" \/><input type=\"hidden\" name=\"_wpcf7_locale\" value=\"pl_PL\" \/><input type=\"hidden\" name=\"_wpcf7_unit_tag\" value=\"wpcf7-f368-o1\" \/><input type=\"hidden\" name=\"_wpcf7_container_post\" value=\"0\" \/><input type=\"hidden\" name=\"_wpcf7_posted_data_hash\" value=\"\" \/><input type=\"hidden\" name=\"_wpcf7_recaptcha_response\" value=\"\" \/>\n<\/fieldset>\n<p><label> Tu nombre y apellidos<br \/>\n<span class=\"wpcf7-form-control-wrap\" data-name=\"your-name\"><input size=\"40\" maxlength=\"400\" class=\"wpcf7-form-control wpcf7-text wpcf7-validates-as-required\" autocomplete=\"name\" aria-required=\"true\" aria-invalid=\"false\" value=\"\" type=\"text\" name=\"your-name\" \/><\/span> <\/label>\n<\/p>\n<p><label> Tu correo electr\u00f3nico<br \/>\n<span class=\"wpcf7-form-control-wrap\" data-name=\"your-email\"><input size=\"40\" maxlength=\"400\" class=\"wpcf7-form-control wpcf7-email wpcf7-validates-as-required wpcf7-text wpcf7-validates-as-email\" autocomplete=\"email\" aria-required=\"true\" aria-invalid=\"false\" value=\"\" type=\"email\" name=\"your-email\" \/><\/span> <\/label>\n<\/p>\n<p><label> Asunto<br \/>\n<span class=\"wpcf7-form-control-wrap\" data-name=\"your-subject\"><input size=\"40\" maxlength=\"400\" class=\"wpcf7-form-control wpcf7-text wpcf7-validates-as-required\" aria-required=\"true\" aria-invalid=\"false\" value=\"\" type=\"text\" name=\"your-subject\" \/><\/span> <\/label>\n<\/p>\n<p><label> Tu mensaje (opcional)<br \/>\n<span class=\"wpcf7-form-control-wrap\" data-name=\"your-message\"><textarea cols=\"40\" rows=\"10\" maxlength=\"2000\" class=\"wpcf7-form-control wpcf7-textarea\" aria-invalid=\"false\" name=\"your-message\"><\/textarea><\/span> <\/label>\n<\/p>\n<p><input class=\"wpcf7-form-control wpcf7-submit has-spinner\" type=\"submit\" value=\"Enviar\" \/>\n<\/p><div class=\"wpcf7-response-output\" aria-hidden=\"true\"><\/div>\n<input type=\"hidden\" name=\"trp-form-language\" value=\"es\"\/><\/form>\n<\/div>\n\n<\/div>\n<\/div>\n<\/div>\n<\/div>","protected":false},"excerpt":{"rendered":"<p>\u015amia\u0142o skontaktuj si\u0119 z nami Je\u015bli masz pytania, potrzebujesz wsparcia lub interesuje Ci\u0119 wsp\u00f3\u0142praca, jeste\u015bmy do Twojej dyspozycji. Wydarzenia w j\u0119zyku polskim: Wydarzenia w j\u0119zyku hiszpa\u0144skim: info@reset-academy.com<\/p>","protected":false},"author":1,"featured_media":0,"parent":0,"menu_order":0,"comment_status":"closed","ping_status":"closed","template":"page-no-title","meta":{"footnotes":""},"class_list":["post-370","page","type-page","status-publish","hentry"],"jetpack_sharing_enabled":true,"_links":{"self":[{"href":"https:\/\/reset-academy.com\/es\/wp-json\/wp\/v2\/pages\/370","targetHints":{"allow":["GET"]}}],"collection":[{"href":"https:\/\/reset-academy.com\/es\/wp-json\/wp\/v2\/pages"}],"about":[{"href":"https:\/\/reset-academy.com\/es\/wp-json\/wp\/v2\/types\/page"}],"author":[{"embeddable":true,"href":"https:\/\/reset-academy.com\/es\/wp-json\/wp\/v2\/users\/1"}],"replies":[{"embeddable":true,"href":"https:\/\/reset-academy.com\/es\/wp-json\/wp\/v2\/comments?post=370"}],"version-history":[{"count":35,"href":"https:\/\/reset-academy.com\/es\/wp-json\/wp\/v2\/pages\/370\/revisions"}],"predecessor-version":[{"id":858,"href":"https:\/\/reset-academy.com\/es\/wp-json\/wp\/v2\/pages\/370\/revisions\/858"}],"wp:attachment":[{"href":"https:\/\/reset-academy.com\/es\/wp-json\/wp\/v2\/media?parent=370"}],"curies":[{"name":"wp","href":"https:\/\/api.w.org\/{rel}","templated":true}]}}