{"id":790,"date":"2026-03-12T11:14:53","date_gmt":"2026-03-12T10:14:53","guid":{"rendered":"https:\/\/reset-academy.com\/?page_id=790"},"modified":"2026-03-12T11:14:53","modified_gmt":"2026-03-12T10:14:53","slug":"kwestionariusz-2","status":"publish","type":"page","link":"https:\/\/reset-academy.com\/es\/kwestionariusz-2\/","title":{"rendered":"Kwestionariusz"},"content":{"rendered":"<div class=\"forminator-guttenberg\"><div class=\"forminator-ui forminator-custom-form forminator-custom-form-685 forminator-design--default  forminator_ajax\" data-forminator-render=\"0\" data-form=\"forminator-module-685\" data-uid=\"69f47dc71a091\"><br\/><\/div><form\n\t\t\t\tid=\"forminator-module-685\"\n\t\t\t\tclass=\"forminator-ui forminator-custom-form forminator-custom-form-685 forminator-design--default  forminator_ajax\"\n\t\t\t\tmethod=\"post\"\n\t\t\t\tdata-forminator-render=\"0\"\n\t\t\t\tdata-form-id=\"685\"\n\t\t\t\t data-color-option=\"theme\" data-design=\"default\" data-grid=\"open\" style=\"display: none;\"\n\t\t\t\tdata-uid=\"69f47dc71a091\" action=\"\"\n\t\t\t><div role=\"alert\" aria-live=\"polite\" class=\"forminator-response-message forminator-error\" aria-hidden=\"true\"><\/div><div class=\"forminator-row\"><div id=\"section-2\" class=\"forminator-field-section forminator-col forminator-col-12\"><div class=\"forminator-field\"><h3 class=\"forminator-subtitle\">Ten kr\u00f3tki, anonimowy kwestionariusz ma dwa g\u0142\u00f3wne cele. Z jednej srony pomo\u017ce nam uzyska\u0107 informacje, kt\u00f3re nadadz\u0105 warsztatowi charakter personalny. Z drugiej natomiast pomo\u017ce Tobie w refleksji nad kwestiami, nad kt\u00f3rymi by\u0107 mo\u017ce nie zastanawia\u0142a\u015b\/e\u015b si\u0119 ostatnio, a s\u0105 one wa\u017cne z perspektywy Twojego w\u0142asnego rozwoju osobistego. Niekt\u00f3re pytania by\u0107 mo\u017ce \u201eotworz\u0105\u201d sprawy zapomniane przez Ciebie i mog\u0105 wywo\u0142a\u0107 emocjonalne poruszenie. To normalne i daj sobie przyzwolenie na odczuwanie tych emocji, pami\u0119taj, \u017ce b\u0119dziemy pracowa\u0107 w bezpiecznej przestrzeni.<\/h3><\/div><\/div><\/div><div class=\"forminator-row\"><div id=\"group-1\" class=\"forminator-field-group forminator-col forminator-col-12\"><label class=\"forminator-label forminator-repeater-label\">1. W skali od 1-10 na ile jeste\u015b spe\u0142niona\/y w poni\u017cszych obszarach i dlaczego?<\/label><div class=\"forminator-all-group-copies forminator-repeater-field\"><div class=\"forminator-grouped-fields\" data-options=\"{&quot;is_repeater&quot;:false,&quot;min_type&quot;:&quot;custom&quot;,&quot;max_type&quot;:&quot;custom&quot;,&quot;min&quot;:1,&quot;max&quot;:9223372036854775807,&quot;add_text&quot;:&quot;A\\u00f1adir elemento&quot;,&quot;remove_text&quot;:&quot;Eliminar art\\u00edculo&quot;,&quot;action_element_type&quot;:&quot;button&quot;}\"><div class=\"forminator-row\"><div id=\"slider-1\" class=\"forminator-field-slider forminator-col forminator-col-12\"><div class=\"forminator-field\"><label for=\"forminator-field-slider-1_69f47dc71a091\" id=\"forminator-field-slider-1_69f47dc71a091-label\" class=\"forminator-label\">a. Kondycja fizyczna<\/label><div class=\"forminator-slider forminator-slider-full forminator-slider-size-small\"><input type=\"text\" id=\"forminator-field-slider-1_69f47dc71a091\" class=\"forminator-hidden-input\" style=\"display:none;\"\/><div class=\"forminator-slide forminator-slide-handle-icon\" aria-required=\"false\" data-is-range=\"\" data-min=\"0\" data-max=\"10\" data-step=\"1\" data-value=\"0\"><\/div><div class=\"forminator-slider-limit\"><\/div><div class=\"forminator-slider-amount forminator-slider-amount-bottom\" data-value-template=\"{slider-value}\"><span class=\"forminator-slider-value-min\"><\/span><input type=\"hidden\" value=\"\" data-hidden-behavior=\"zero\" id=\"forminator-field-slider-1-input_69f47dc71a091\" name=\"slider-1\" class=\"forminator-slider-hidden-min\" \/><\/div><\/div><\/div><\/div><\/div><div class=\"forminator-row\"><div id=\"slider-2\" class=\"forminator-field-slider forminator-col forminator-col-12\"><div class=\"forminator-field\"><label for=\"forminator-field-slider-2_69f47dc71a091\" id=\"forminator-field-slider-2_69f47dc71a091-label\" class=\"forminator-label\">b. Kondycja psychiczna<\/label><div class=\"forminator-slider forminator-slider-full forminator-slider-size-small\"><input type=\"text\" id=\"forminator-field-slider-2_69f47dc71a091\" class=\"forminator-hidden-input\" style=\"display:none;\"\/><div class=\"forminator-slide forminator-slide-handle-icon\" aria-required=\"false\" data-is-range=\"\" data-min=\"0\" data-max=\"10\" data-step=\"1\" data-value=\"0\"><\/div><div class=\"forminator-slider-limit\"><\/div><div class=\"forminator-slider-amount forminator-slider-amount-bottom\" data-value-template=\"{slider-value}\"><span class=\"forminator-slider-value-min\"><\/span><input type=\"hidden\" value=\"\" data-hidden-behavior=\"zero\" id=\"forminator-field-slider-2-input_69f47dc71a091\" name=\"slider-2\" class=\"forminator-slider-hidden-min\" \/><\/div><\/div><\/div><\/div><\/div><div class=\"forminator-row\"><div id=\"slider-3\" class=\"forminator-field-slider forminator-col forminator-col-12\"><div class=\"forminator-field\"><label for=\"forminator-field-slider-3_69f47dc71a091\" id=\"forminator-field-slider-3_69f47dc71a091-label\" class=\"forminator-label\">c. R\u00f3wnowaga emocjonalna<\/label><div class=\"forminator-slider forminator-slider-full forminator-slider-size-small\"><input type=\"text\" id=\"forminator-field-slider-3_69f47dc71a091\" class=\"forminator-hidden-input\" style=\"display:none;\"\/><div class=\"forminator-slide forminator-slide-handle-icon\" aria-required=\"false\" data-is-range=\"\" data-min=\"0\" data-max=\"10\" data-step=\"1\" data-value=\"0\"><\/div><div class=\"forminator-slider-limit\"><\/div><div class=\"forminator-slider-amount forminator-slider-amount-bottom\" data-value-template=\"{slider-value}\"><span class=\"forminator-slider-value-min\"><\/span><input type=\"hidden\" value=\"\" data-hidden-behavior=\"zero\" id=\"forminator-field-slider-3-input_69f47dc71a091\" name=\"slider-3\" class=\"forminator-slider-hidden-min\" \/><\/div><\/div><\/div><\/div><\/div><div class=\"forminator-row\"><div id=\"slider-4\" class=\"forminator-field-slider forminator-col forminator-col-12\"><div class=\"forminator-field\"><label for=\"forminator-field-slider-4_69f47dc71a091\" id=\"forminator-field-slider-4_69f47dc71a091-label\" class=\"forminator-label\">d. Kariera profesjonalna<\/label><div class=\"forminator-slider forminator-slider-full forminator-slider-size-small\"><input type=\"text\" id=\"forminator-field-slider-4_69f47dc71a091\" class=\"forminator-hidden-input\" style=\"display:none;\"\/><div class=\"forminator-slide forminator-slide-handle-icon\" aria-required=\"false\" data-is-range=\"\" data-min=\"0\" data-max=\"10\" data-step=\"1\" data-value=\"0\"><\/div><div class=\"forminator-slider-limit\"><\/div><div class=\"forminator-slider-amount forminator-slider-amount-bottom\" data-value-template=\"{slider-value}\"><span class=\"forminator-slider-value-min\"><\/span><input type=\"hidden\" value=\"\" data-hidden-behavior=\"zero\" id=\"forminator-field-slider-4-input_69f47dc71a091\" name=\"slider-4\" class=\"forminator-slider-hidden-min\" \/><\/div><\/div><\/div><\/div><\/div><\/div><\/div><\/div><\/div><div class=\"forminator-row\"><div id=\"text-1\" class=\"forminator-field-text forminator-col forminator-col-12\"><div class=\"forminator-field\"><label for=\"forminator-field-text-1_69f47dc71a091\" id=\"forminator-field-text-1_69f47dc71a091-label\" class=\"forminator-label\">2. Z czym aktualnie si\u0119 zmagasz (wyzwanie, trudno\u015b\u0107) w ka\u017cdym z powy\u017cszych obszar\u00f3w (kondycja fizyczna, kondycja psychiczna, r\u00f3wnowaga emocjonalna, kariera profesjonalna)<\/label><input type=\"text\" name=\"text-1\" value=\"\" placeholder=\"\" id=\"forminator-field-text-1_69f47dc71a091\" class=\"forminator-input forminator-name--field\" data-required=\"\" \/><\/div><\/div><\/div><div class=\"forminator-row\"><div id=\"text-2\" class=\"forminator-field-text forminator-col forminator-col-12\"><div class=\"forminator-field\"><label for=\"forminator-field-text-2_69f47dc71a091\" id=\"forminator-field-text-2_69f47dc71a091-label\" class=\"forminator-label\">3. Jakie by\u0142o generalnie Twoje dzieci\u0144stwo i w jaki spos\u00f3b wp\u0142yn\u0119\u0142o\/wp\u0142ywa ono na powy\u017csze obszary twojego \u017cycia (kondycja fizyczna, kondycja psychiczna, r\u00f3wnowaga emocjonalna, kariera profesjonalna)<\/label><input type=\"text\" name=\"text-2\" value=\"\" placeholder=\"\" id=\"forminator-field-text-2_69f47dc71a091\" class=\"forminator-input forminator-name--field\" data-required=\"\" \/><\/div><\/div><\/div><div class=\"forminator-row\"><div id=\"text-3\" class=\"forminator-field-text forminator-col forminator-col-12\"><div class=\"forminator-field\"><label for=\"forminator-field-text-3_69f47dc71a091\" id=\"forminator-field-text-3_69f47dc71a091-label\" class=\"forminator-label\">4. Analizuj\u0105c kluczowe przekonania (na temat siebie, innych, w\u0142asnych mo\u017cliwo\u015bci, w\u0142asnej samooceny itp), kt\u00f3re aktualnie zarz\u0105dzaj\u0105 twoim \u017cyciem, my\u015blami, uczuciami....czy jest jakie\u015b przekonanie, kt\u00f3re jest ograniczaj\u0105ce i chcia\u0142aby\u015b\/by\u015b nad nim popracowa\u0107?<\/label><input type=\"text\" name=\"text-3\" value=\"\" placeholder=\"\" id=\"forminator-field-text-3_69f47dc71a091\" class=\"forminator-input forminator-name--field\" data-required=\"\" \/><\/div><\/div><\/div><div class=\"forminator-row\"><div id=\"text-4\" class=\"forminator-field-text forminator-col forminator-col-12\"><div class=\"forminator-field\"><label for=\"forminator-field-text-4_69f47dc71a091\" id=\"forminator-field-text-4_69f47dc71a091-label\" class=\"forminator-label\">5. Je\u015bli mia\u0142aby\u015b\/by\u015b wybra\u0107c jedn\u015b kwesti\u0119, nad kt\u00f3r\u0105 chcia\u0142aby\u015b\/by\u015b pracowa\u0107 aktualnie.... jaka to by\u0142aby kwestia i dlaczego jest ona dla Ciebie tak wa\u017cna?<\/label><input type=\"text\" name=\"text-4\" value=\"\" placeholder=\"\" id=\"forminator-field-text-4_69f47dc71a091\" class=\"forminator-input forminator-name--field\" data-required=\"\" \/><\/div><\/div><\/div><input type=\"hidden\" name=\"referer_url\" value=\"\" \/><div class=\"forminator-row forminator-row-last\"><div class=\"forminator-col\"><div class=\"forminator-field\"><button class=\"forminator-button forminator-button-submit\">Enviar<\/button><\/div><\/div><\/div><input type=\"hidden\" id=\"forminator_nonce\" name=\"forminator_nonce\" value=\"eece61a0a4\" \/><input type=\"hidden\" name=\"_wp_http_referer\" value=\"\/es\/wp-json\/wp\/v2\/pages\/790\" \/><input type=\"hidden\" name=\"form_id\" value=\"685\"><input type=\"hidden\" name=\"page_id\" value=\"790\"><input type=\"hidden\" name=\"form_type\" value=\"default\"><input type=\"hidden\" name=\"current_url\" value=\"https:\/\/reset-academy.com\/es\/kwestionariusz-2\/\"><input type=\"hidden\" name=\"render_id\" value=\"0\"><input type=\"hidden\" name=\"action\" value=\"forminator_submit_form_custom-forms\"><input type=\"hidden\" name=\"trp-form-language\" value=\"es\"\/><\/form><\/div>","protected":false},"excerpt":{"rendered":"","protected":false},"author":2,"featured_media":0,"parent":0,"menu_order":0,"comment_status":"closed","ping_status":"closed","template":"","meta":{"footnotes":""},"class_list":["post-790","page","type-page","status-publish","hentry"],"jetpack_sharing_enabled":true,"_links":{"self":[{"href":"https:\/\/reset-academy.com\/es\/wp-json\/wp\/v2\/pages\/790","targetHints":{"allow":["GET"]}}],"collection":[{"href":"https:\/\/reset-academy.com\/es\/wp-json\/wp\/v2\/pages"}],"about":[{"href":"https:\/\/reset-academy.com\/es\/wp-json\/wp\/v2\/types\/page"}],"author":[{"embeddable":true,"href":"https:\/\/reset-academy.com\/es\/wp-json\/wp\/v2\/users\/2"}],"replies":[{"embeddable":true,"href":"https:\/\/reset-academy.com\/es\/wp-json\/wp\/v2\/comments?post=790"}],"version-history":[{"count":1,"href":"https:\/\/reset-academy.com\/es\/wp-json\/wp\/v2\/pages\/790\/revisions"}],"predecessor-version":[{"id":791,"href":"https:\/\/reset-academy.com\/es\/wp-json\/wp\/v2\/pages\/790\/revisions\/791"}],"wp:attachment":[{"href":"https:\/\/reset-academy.com\/es\/wp-json\/wp\/v2\/media?parent=790"}],"curies":[{"name":"wp","href":"https:\/\/api.w.org\/{rel}","templated":true}]}}